{"id":99,"date":"2018-11-26T10:46:06","date_gmt":"2018-11-26T10:46:06","guid":{"rendered":"https:\/\/www.bws-dt.de\/?page_id=99"},"modified":"2026-01-22T19:02:09","modified_gmt":"2026-01-22T18:02:09","slug":"programm","status":"publish","type":"page","link":"https:\/\/www.bws-dt.de\/index.php\/programm\/","title":{"rendered":"Verwaltungssoftware"},"content":{"rendered":"<div class=\"vc_row wpb_row vc_row-fluid area first\">\n<div class=\"wpb_column vc_column_container vc_col-sm-12\">\n<div class=\"vc_column-inner \">\n<div class=\"wpb_wrapper\">\n<div class=\"wpb_text_column wpb_content_element \">\n<div class=\"wpb_wrapper\">\n<table style=\"width: 788px; border-collapse: collapse; border-color: #fcfafa; border-style: none; height: 2310px;\" border=\"0\">\n<tbody>\n<tr>\n<td style=\"width: 66.5517%;\" colspan=\"2\">\n<h2 style=\"text-align: left;\"><span style=\"font-family: 'arial black', sans-serif; font-size: 24pt;\">MP-FEUER<br \/>\nalles in einem System<\/span><\/h2>\n<\/td>\n<td style=\"width: 33.2759%;\">\n<h2><img loading=\"lazy\" decoding=\"async\" class=\"wp-image-578 size-thumbnail aligncenter\" src=\"https:\/\/www.bws-dt.de\/wp-content\/uploads\/2026\/01\/MPFEUER-LOGO-150x150.png\" alt=\"\" width=\"150\" height=\"150\" \/><\/h2>\n<\/td>\n<\/tr>\n<tr>\n<td style=\"width: 66.5517%;\" colspan=\"2\">\n<h3 style=\"padding-left: 30px; text-align: left;\"><strong><span style=\"font-family: arial, helvetica, sans-serif; font-size: 12pt;\">PERSONAL \/ JUGEND \/ KINDER \/ VEREINSMITGLIEDER<\/span><\/strong><\/h3>\n<p style=\"text-align: justify; padding-left: 30px;\"><span style=\"font-family: arial, helvetica, sans-serif;\"><strong>Nichts ist so wichtig wie Ihr Personal \u2013 deshalb dokumentieren wir alles f\u00fcr Sie<\/strong><\/span><br \/>\n<span style=\"font-family: arial, helvetica, sans-serif;\">Mit der digitalen Personal-Akte verwalten Sie alle wichtigen Daten und Ereignisse schnell und \u00fcbersichtlich. Termine f\u00fcr Untersuchungen, Ehrungen, Bef\u00f6rderungen und Einweisungen werden automatisch \u00fcberwacht und ausgewertet.<\/span><\/p>\n<\/td>\n<td style=\"width: 33.2759%;\"><span style=\"font-family: arial, helvetica, sans-serif;\"><img loading=\"lazy\" decoding=\"async\" class=\"alignnone size-medium wp-image-595\" src=\"https:\/\/www.bws-dt.de\/wp-content\/uploads\/2026\/01\/Pers-300x225.png\" alt=\"\" width=\"300\" height=\"225\" srcset=\"https:\/\/www.bws-dt.de\/wp-content\/uploads\/2026\/01\/Pers-300x225.png 300w, https:\/\/www.bws-dt.de\/wp-content\/uploads\/2026\/01\/Pers-768x576.png 768w, https:\/\/www.bws-dt.de\/wp-content\/uploads\/2026\/01\/Pers-1000x750.png 1000w, https:\/\/www.bws-dt.de\/wp-content\/uploads\/2026\/01\/Pers-230x173.png 230w, https:\/\/www.bws-dt.de\/wp-content\/uploads\/2026\/01\/Pers-350x263.png 350w, https:\/\/www.bws-dt.de\/wp-content\/uploads\/2026\/01\/Pers-480x360.png 480w, https:\/\/www.bws-dt.de\/wp-content\/uploads\/2026\/01\/Pers.png 1024w\" sizes=\"auto, (max-width: 300px) 100vw, 300px\" \/><br \/>\n<img loading=\"lazy\" decoding=\"async\" class=\"vc_single_image-img attachment-medium aligncenter\" src=\"https:\/\/mp-feuer.de\/wp-content\/uploads\/2017\/05\/xSeite-02-Personal-300x200.jpg.pagespeed.ic.1322slDtMc.webp\" sizes=\"auto, (max-width: 300px) 100vw, 300px\" srcset=\"https:\/\/mp-feuer.de\/wp-content\/uploads\/2017\/05\/xSeite-02-Personal-300x200.jpg.pagespeed.ic.1322slDtMc.webp 300w, https:\/\/mp-feuer.de\/wp-content\/uploads\/2017\/05\/xSeite-02-Personal-768x512.jpg.pagespeed.ic.p3dJwej9ny.webp 768w, https:\/\/mp-feuer.de\/wp-content\/uploads\/2017\/05\/xSeite-02-Personal-1024x683.jpg.pagespeed.ic.uRwG6w5Kfi.webp 1024w, https:\/\/mp-feuer.de\/wp-content\/uploads\/2017\/05\/xSeite-02-Personal.jpg.pagespeed.ic.BRe6eURVwX.webp 1500w\" alt=\"\" width=\"300\" height=\"200\" data-pagespeed-url-hash=\"1676962051\" \/><\/span><\/td>\n<\/tr>\n<tr>\n<td style=\"width: 33.4483%;\"><span style=\"font-family: arial, helvetica, sans-serif;\"><img loading=\"lazy\" decoding=\"async\" class=\"alignnone size-medium wp-image-593\" src=\"https:\/\/www.bws-dt.de\/wp-content\/uploads\/2026\/01\/KLD-300x225.png\" alt=\"\" width=\"300\" height=\"225\" srcset=\"https:\/\/www.bws-dt.de\/wp-content\/uploads\/2026\/01\/KLD-300x225.png 300w, https:\/\/www.bws-dt.de\/wp-content\/uploads\/2026\/01\/KLD-768x576.png 768w, https:\/\/www.bws-dt.de\/wp-content\/uploads\/2026\/01\/KLD-1000x750.png 1000w, https:\/\/www.bws-dt.de\/wp-content\/uploads\/2026\/01\/KLD-230x173.png 230w, https:\/\/www.bws-dt.de\/wp-content\/uploads\/2026\/01\/KLD-350x263.png 350w, https:\/\/www.bws-dt.de\/wp-content\/uploads\/2026\/01\/KLD-480x360.png 480w, https:\/\/www.bws-dt.de\/wp-content\/uploads\/2026\/01\/KLD.png 1024w\" sizes=\"auto, (max-width: 300px) 100vw, 300px\" \/><\/span><\/td>\n<td style=\"width: 66.3793%;\" colspan=\"2\">\n<h3 style=\"padding-left: 30px; text-align: justify;\"><strong><span style=\"font-family: arial, helvetica, sans-serif; font-size: 12pt;\">KLEIDERKAMMER \/ PSA<\/span><\/strong><\/h3>\n<p style=\"padding-left: 30px; text-align: justify;\"><span style=\"font-family: arial, helvetica, sans-serif;\"><strong>Sie verteilen die pers\u00f6nliche Ausr\u00fcstung \u2013 wir regeln den Rest<\/strong><\/span><br \/>\n<span style=\"font-family: arial, helvetica, sans-serif;\">Vom Bestellvorgang, \u00fcber die personenbezogene Zuteilung, Lagerbestandskontrolle, R\u00fcckstandsverwaltung, bis hin zur Dokumentation von Reinigungen und Impr\u00e4gnierungen sind alle Funktionen f\u00fcr die Kleiderkammer enthalten.<\/span><\/p>\n<\/td>\n<\/tr>\n<tr style=\"height: 225px;\">\n<td style=\"width: 33.4483%; height: 225px;\" colspan=\"2\">\n<h3 style=\"text-align: justify; padding-left: 30px;\"><strong><span style=\"font-family: arial, helvetica, sans-serif; font-size: 12pt;\">FAHRZEUGE \/ GER\u00c4TE<\/span><\/strong><\/h3>\n<p style=\"text-align: justify; padding-left: 30px;\"><span style=\"font-family: arial, helvetica, sans-serif;\"><strong>Damit Ihre Ger\u00e4te funktionieren \u2013 organisieren wir Pr\u00fcfungen &amp; Reparaturen<\/strong><\/span><br \/>\n<span style=\"font-family: arial, helvetica, sans-serif;\">Neben der kompletten Inventarisierung \u00fcberwachen wir auch alle wichtigen Termine und unterst\u00fctzen Sie aktiv bei der Pr\u00fcfungsdokumentation mit den aktuellen DGUV-Pr\u00fcfrichtlinien und Protokollen direkt am Monitor.<\/span><\/p>\n<\/td>\n<td style=\"width: 33.2759%;\"><span style=\"font-family: arial, helvetica, sans-serif;\"><img loading=\"lazy\" decoding=\"async\" class=\"vc_single_image-img attachment-medium aligncenter\" src=\"https:\/\/mp-feuer.de\/wp-content\/uploads\/2017\/05\/Seite-04-Ger%C3%A4te-300x200.jpg\" sizes=\"auto, (max-width: 300px) 100vw, 300px\" srcset=\"https:\/\/mp-feuer.de\/wp-content\/uploads\/2017\/05\/Seite-04-Ger\u00e4te-300x200.jpg 300w, https:\/\/mp-feuer.de\/wp-content\/uploads\/2017\/05\/Seite-04-Ger\u00e4te-768x512.jpg 768w, https:\/\/mp-feuer.de\/wp-content\/uploads\/2017\/05\/Seite-04-Ger\u00e4te-1024x683.jpg 1024w, https:\/\/mp-feuer.de\/wp-content\/uploads\/2017\/05\/Seite-04-Ger\u00e4te.jpg 1500w\" alt=\"\" width=\"300\" height=\"200\" \/><\/span><\/td>\n<\/tr>\n<tr>\n<td style=\"width: 33.4483%;\"><span style=\"font-family: arial, helvetica, sans-serif;\"><img loading=\"lazy\" decoding=\"async\" class=\"vc_single_image-img attachment-medium aligncenter\" src=\"https:\/\/mp-feuer.de\/wp-content\/uploads\/2017\/05\/Seite-07-Eins%C3%A4tze-300x200.jpg\" sizes=\"auto, (max-width: 300px) 100vw, 300px\" srcset=\"https:\/\/mp-feuer.de\/wp-content\/uploads\/2017\/05\/Seite-07-Eins\u00e4tze-300x200.jpg 300w, https:\/\/mp-feuer.de\/wp-content\/uploads\/2017\/05\/Seite-07-Eins\u00e4tze-768x512.jpg 768w, https:\/\/mp-feuer.de\/wp-content\/uploads\/2017\/05\/Seite-07-Eins\u00e4tze-1024x683.jpg 1024w, https:\/\/mp-feuer.de\/wp-content\/uploads\/2017\/05\/Seite-07-Eins\u00e4tze.jpg 1500w\" alt=\"\" width=\"300\" height=\"200\" \/><\/span><\/td>\n<td style=\"width: 33.1034%;\" colspan=\"2\">\n<h3 style=\"text-align: left; padding-left: 30px;\"><strong><span style=\"font-family: arial, helvetica, sans-serif; font-size: 12pt;\">EINS\u00c4TZE<\/span><\/strong><\/h3>\n<p style=\"text-align: justify; padding-left: 30px;\"><span style=\"font-family: arial, helvetica, sans-serif;\"><strong>Sie erledigen Ihre Eins\u00e4tze \u2013 wir k\u00fcmmern uns um den Schreibkram<\/strong><\/span><br \/>\n<span style=\"font-family: arial, helvetica, sans-serif;\">Eine l\u00fcckenlose Einsatz-Dokumentation ist wichtig und muss schnell und unkompliziert erledigt sein. Die Weiterverarbeitung zu Kostenbescheiden oder Verg\u00fctungsabrechnungen ist problemlos m\u00f6glich.<\/span><\/p>\n<\/td>\n<\/tr>\n<tr>\n<td style=\"width: 33.4483%;\" colspan=\"2\">\n<h3 style=\"text-align: left; padding-left: 30px;\"><strong><span style=\"font-family: arial, helvetica, sans-serif; font-size: 12pt;\">AUSBILDUNG<\/span><\/strong><\/h3>\n<p style=\"text-align: justify; padding-left: 30px;\"><span style=\"font-family: arial, helvetica, sans-serif;\"><strong>Jeder Profi braucht \u00dcbung \u2013 um auch zuk\u00fcnftig Profi zu bleiben<\/strong><\/span><br \/>\n<span style=\"font-family: arial, helvetica, sans-serif;\">Von der \u00dcbungsvorbereitung, \u00fcber die Anwesenheitsliste, bis hin zum Einweisungsnachweis sind alle Funktionen einer professionellen Ausbildungsverwaltung enthalten.<\/span><\/p>\n<\/td>\n<td style=\"width: 33.2759%;\"><span style=\"font-family: arial, helvetica, sans-serif;\"><img loading=\"lazy\" decoding=\"async\" class=\"vc_single_image-img attachment-medium aligncenter\" src=\"https:\/\/mp-feuer.de\/wp-content\/uploads\/2017\/03\/%C3%9Cbungen-300x200.jpg\" sizes=\"auto, (max-width: 300px) 100vw, 300px\" srcset=\"https:\/\/mp-feuer.de\/wp-content\/uploads\/2017\/03\/\u00dcbungen-300x200.jpg 300w, https:\/\/mp-feuer.de\/wp-content\/uploads\/2017\/03\/\u00dcbungen-768x512.jpg 768w, https:\/\/mp-feuer.de\/wp-content\/uploads\/2017\/03\/\u00dcbungen-1024x683.jpg 1024w, https:\/\/mp-feuer.de\/wp-content\/uploads\/2017\/03\/\u00dcbungen-600x400.jpg 600w, https:\/\/mp-feuer.de\/wp-content\/uploads\/2017\/03\/\u00dcbungen.jpg 1500w\" alt=\"\" width=\"300\" height=\"200\" \/><\/span><\/td>\n<\/tr>\n<tr>\n<td style=\"width: 33.4483%;\"><span style=\"font-family: arial, helvetica, sans-serif;\"><img loading=\"lazy\" decoding=\"async\" class=\"alignnone size-medium wp-image-590\" src=\"https:\/\/www.bws-dt.de\/wp-content\/uploads\/2026\/01\/AS-300x225.png\" alt=\"\" width=\"300\" height=\"225\" srcset=\"https:\/\/www.bws-dt.de\/wp-content\/uploads\/2026\/01\/AS-300x225.png 300w, https:\/\/www.bws-dt.de\/wp-content\/uploads\/2026\/01\/AS-768x576.png 768w, https:\/\/www.bws-dt.de\/wp-content\/uploads\/2026\/01\/AS-1000x750.png 1000w, https:\/\/www.bws-dt.de\/wp-content\/uploads\/2026\/01\/AS-230x173.png 230w, https:\/\/www.bws-dt.de\/wp-content\/uploads\/2026\/01\/AS-350x263.png 350w, https:\/\/www.bws-dt.de\/wp-content\/uploads\/2026\/01\/AS-480x360.png 480w, https:\/\/www.bws-dt.de\/wp-content\/uploads\/2026\/01\/AS.png 1024w\" sizes=\"auto, (max-width: 300px) 100vw, 300px\" \/><\/span><\/td>\n<td style=\"width: 33.1034%;\" colspan=\"2\">\n<h3 style=\"padding-left: 30px; text-align: left;\"><strong><span style=\"font-family: arial, helvetica, sans-serif; font-size: 12pt;\">ATEMSCHUTZ<\/span><\/strong><\/h3>\n<p style=\"padding-left: 30px; text-align: justify;\"><span style=\"font-family: arial, helvetica, sans-serif;\"><strong>Eine professionelle Atemschutz-Verwaltung \u2013 so wichtig wie die Luft zum Atmen<\/strong><\/span><br \/>\n<span style=\"font-family: arial, helvetica, sans-serif;\">Neben der Inventarisierung, Pr\u00fcfung und Wartung der Atemschutz-Ger\u00e4te nach DGUV ist auch die Dokumentation und Auswertung der Atemschutz-T\u00e4tigkeiten nach FwDV7 integriert.<\/span><\/p>\n<\/td>\n<\/tr>\n<tr>\n<td style=\"width: 33.4483%;\" colspan=\"2\">\n<h3 style=\"padding-left: 30px; text-align: left;\"><strong><span style=\"font-family: arial, helvetica, sans-serif; font-size: 12pt;\">OBJEKTE<\/span><\/strong><\/h3>\n<p style=\"padding-left: 30px; text-align: justify;\"><span style=\"font-family: arial, helvetica, sans-serif;\"><strong>Wenn es auf jede Sekunde ankommt \u2013 zeigen wir Ihnen die wichtigsten Informationen<\/strong><\/span><br \/>\n<span style=\"font-family: arial, helvetica, sans-serif;\">Bei Eins\u00e4tzen und \u00dcbungen sind detaillierte Objektinformationen ein wichtiges Hilfsmittel und entscheiden \u00fcber Erfolg und Effektivit\u00e4t. Neben den Stammdaten k\u00f6nnen auch beliebig viele Pl\u00e4ne, Fotos und andere wichtige digitale Dokumente zu jedem Objekt hinterlegt werden.<\/span><\/p>\n<\/td>\n<td style=\"width: 33.2759%;\"><span style=\"font-family: arial, helvetica, sans-serif;\"><img loading=\"lazy\" decoding=\"async\" class=\"alignnone size-medium wp-image-594\" src=\"https:\/\/www.bws-dt.de\/wp-content\/uploads\/2026\/01\/Objekt-300x225.png\" alt=\"\" width=\"300\" height=\"225\" srcset=\"https:\/\/www.bws-dt.de\/wp-content\/uploads\/2026\/01\/Objekt-300x225.png 300w, https:\/\/www.bws-dt.de\/wp-content\/uploads\/2026\/01\/Objekt-768x576.png 768w, https:\/\/www.bws-dt.de\/wp-content\/uploads\/2026\/01\/Objekt-1000x750.png 1000w, https:\/\/www.bws-dt.de\/wp-content\/uploads\/2026\/01\/Objekt-230x173.png 230w, https:\/\/www.bws-dt.de\/wp-content\/uploads\/2026\/01\/Objekt-350x263.png 350w, https:\/\/www.bws-dt.de\/wp-content\/uploads\/2026\/01\/Objekt-480x360.png 480w, https:\/\/www.bws-dt.de\/wp-content\/uploads\/2026\/01\/Objekt.png 1024w\" sizes=\"auto, (max-width: 300px) 100vw, 300px\" \/><\/span><\/td>\n<\/tr>\n<\/tbody>\n<\/table>\n<p style=\"text-align: right;\"><span style=\"font-family: arial, helvetica, sans-serif; font-size: 12pt;\"><span style=\"font-size: 8pt;\">Bilder: Quelle: MP-BOS GmbH<\/span><\/span><\/p>\n<\/div>\n<\/div>\n<\/div>\n<\/div>\n<\/div>\n<\/div>\n<div class=\"vc_row wpb_row vc_row-fluid\">\n<div class=\"wpb_column vc_column_container vc_col-sm-4\">\n<div class=\"vc_column-inner \">\n<div class=\"wpb_wrapper\">\n<div class=\"wpb_single_image wpb_content_element vc_align_left\"><\/div>\n<\/div>\n<\/div>\n<\/div>\n<div class=\"wpb_column vc_column_container vc_col-sm-8\" style=\"padding-left: 30px;\"><\/div>\n<\/div>\n","protected":false},"excerpt":{"rendered":"<p>MP-FEUER alles in einem System PERSONAL \/ JUGEND \/ KINDER \/ VEREINSMITGLIEDER Nichts ist so wichtig wie Ihr Personal \u2013 deshalb dokumentieren [&hellip;]<\/p>\n","protected":false},"author":3,"featured_media":0,"parent":0,"menu_order":0,"comment_status":"closed","ping_status":"closed","template":"","meta":{"_crdt_document":"","footnotes":""},"class_list":["post-99","page","type-page","status-publish","hentry"],"_links":{"self":[{"href":"https:\/\/www.bws-dt.de\/index.php\/wp-json\/wp\/v2\/pages\/99","targetHints":{"allow":["GET"]}}],"collection":[{"href":"https:\/\/www.bws-dt.de\/index.php\/wp-json\/wp\/v2\/pages"}],"about":[{"href":"https:\/\/www.bws-dt.de\/index.php\/wp-json\/wp\/v2\/types\/page"}],"author":[{"embeddable":true,"href":"https:\/\/www.bws-dt.de\/index.php\/wp-json\/wp\/v2\/users\/3"}],"replies":[{"embeddable":true,"href":"https:\/\/www.bws-dt.de\/index.php\/wp-json\/wp\/v2\/comments?post=99"}],"version-history":[{"count":24,"href":"https:\/\/www.bws-dt.de\/index.php\/wp-json\/wp\/v2\/pages\/99\/revisions"}],"predecessor-version":[{"id":600,"href":"https:\/\/www.bws-dt.de\/index.php\/wp-json\/wp\/v2\/pages\/99\/revisions\/600"}],"wp:attachment":[{"href":"https:\/\/www.bws-dt.de\/index.php\/wp-json\/wp\/v2\/media?parent=99"}],"curies":[{"name":"wp","href":"https:\/\/api.w.org\/{rel}","templated":true}]}}