{"id":92,"date":"2018-11-26T10:29:49","date_gmt":"2018-11-26T10:29:49","guid":{"rendered":"https:\/\/www.bws-dt.de\/?page_id=92"},"modified":"2026-01-21T09:19:19","modified_gmt":"2026-01-21T08:19:19","slug":"mp-feuer","status":"publish","type":"page","link":"https:\/\/www.bws-dt.de\/index.php\/mp-feuer\/","title":{"rendered":"MP-FEUER"},"content":{"rendered":"<p>\u00a0<\/p>\n<p style=\"text-align: left;\"><span style=\"font-family: arial, helvetica, sans-serif;\">Aus dem Hobby in den Beruf.<br \/>Seit einigen Jahren sind wir Vertriebspartner der <strong>MP-BOS\u00a0GmbH<\/strong>.<\/span><\/p>\n<p><img loading=\"lazy\" decoding=\"async\" class=\"size-medium wp-image-571 aligncenter\" src=\"https:\/\/www.bws-dt.de\/wp-content\/uploads\/2026\/01\/MPFEUER-LOGO-2017_mit-Schriftzug-lang-02-300x108.png\" alt=\"\" width=\"300\" height=\"108\" srcset=\"https:\/\/www.bws-dt.de\/wp-content\/uploads\/2026\/01\/MPFEUER-LOGO-2017_mit-Schriftzug-lang-02-300x108.png 300w, https:\/\/www.bws-dt.de\/wp-content\/uploads\/2026\/01\/MPFEUER-LOGO-2017_mit-Schriftzug-lang-02-230x83.png 230w, https:\/\/www.bws-dt.de\/wp-content\/uploads\/2026\/01\/MPFEUER-LOGO-2017_mit-Schriftzug-lang-02-350x126.png 350w, https:\/\/www.bws-dt.de\/wp-content\/uploads\/2026\/01\/MPFEUER-LOGO-2017_mit-Schriftzug-lang-02.png 382w\" sizes=\"auto, (max-width: 300px) 100vw, 300px\" \/><\/p>\n\n\n<p class=\"wp-block-paragraph\">Seit vielen Jahren steht der Name MP-FEUER f\u00fcr professionelle Verwaltungssoftware f\u00fcr Feuerwehren und Hilfsorganisationen. <strong>In enger Zusammenarbeit mit vielen Feuerwehren und Kommunen<\/strong> wurde ein praxis-orientiertes und bedienerfreundliches Programmpaket zur kompletten Verwaltung, Organisation und Planung entwickelt, das die anfallenden Arbeiten wesentlich erleichtert. <\/p>\n\n\n\n<p class=\"wp-block-paragraph\">Eine Besonderheit ist dabei, dass alle Bereiche einer Feuerwehr ber\u00fccksichtigt wurden. Angefangen bei Personal \u00fcber Kleiderkammer, Ger\u00e4te, Fahrzeuge, Funk, Objekte, Hydranten, Eins\u00e4tze, \u00dcbungen, Atemschutz, Jugend, bis hin zu Einsatzberichten, Kostenbescheiden und Dokumenten k\u00f6nnen alle Informationen in einem einzigen System \u00fcbersichtlich verwaltet werden.<\/p>\n\n\n\n<h3 class=\"wp-block-heading\">F\u00fcr jeden die passende L\u00f6sung!<\/h3>\n\n\n\n<p class=\"wp-block-paragraph\">Ganz gleich, ob Sie nur eine \u201ekleine\u201c Personalverwaltung f\u00fcr Ihren Laptop suchen oder ein Netzwerksystem auf Kreis- bzw. Landesebene realisieren m\u00f6chten, MP-FEUER bietet die jeweils passende L\u00f6sung f\u00fcr Ihre Anforderungen. <strong>Von der Einzelplatzversion bis hin zur gro\u00dfen Mehrplatzversion mit Client\/Server-Technologie und SQL-Datenbank<\/strong> stehen Ihnen ma\u00dfgeschneiderte Varianten zur Auswahl.<\/p>\n\n\n\n<p class=\"wp-block-paragraph\">Gerne beraten wir Sie, welche L\u00f6sung f\u00fcr Sie optimal ist und betreuen Sie qualifiziert als Kunden.<\/p>\n\n\n\n<p class=\"wp-block-paragraph\"><\/p>\n","protected":false},"excerpt":{"rendered":"<p>\u00a0 Aus dem Hobby in den Beruf.Seit einigen Jahren sind wir Vertriebspartner der MP-BOS\u00a0GmbH. Seit vielen Jahren steht der Name MP-FEUER f\u00fcr [&hellip;]<\/p>\n","protected":false},"author":3,"featured_media":0,"parent":0,"menu_order":0,"comment_status":"closed","ping_status":"closed","template":"","meta":{"_crdt_document":"","footnotes":""},"class_list":["post-92","page","type-page","status-publish","hentry"],"_links":{"self":[{"href":"https:\/\/www.bws-dt.de\/index.php\/wp-json\/wp\/v2\/pages\/92","targetHints":{"allow":["GET"]}}],"collection":[{"href":"https:\/\/www.bws-dt.de\/index.php\/wp-json\/wp\/v2\/pages"}],"about":[{"href":"https:\/\/www.bws-dt.de\/index.php\/wp-json\/wp\/v2\/types\/page"}],"author":[{"embeddable":true,"href":"https:\/\/www.bws-dt.de\/index.php\/wp-json\/wp\/v2\/users\/3"}],"replies":[{"embeddable":true,"href":"https:\/\/www.bws-dt.de\/index.php\/wp-json\/wp\/v2\/comments?post=92"}],"version-history":[{"count":10,"href":"https:\/\/www.bws-dt.de\/index.php\/wp-json\/wp\/v2\/pages\/92\/revisions"}],"predecessor-version":[{"id":577,"href":"https:\/\/www.bws-dt.de\/index.php\/wp-json\/wp\/v2\/pages\/92\/revisions\/577"}],"wp:attachment":[{"href":"https:\/\/www.bws-dt.de\/index.php\/wp-json\/wp\/v2\/media?parent=92"}],"curies":[{"name":"wp","href":"https:\/\/api.w.org\/{rel}","templated":true}]}}