{"id":89,"date":"2018-11-26T10:23:57","date_gmt":"2018-11-26T10:23:57","guid":{"rendered":"https:\/\/www.bws-dt.de\/?page_id=89"},"modified":"2025-01-11T20:04:15","modified_gmt":"2025-01-11T19:04:15","slug":"ueber-uns","status":"publish","type":"page","link":"https:\/\/www.bws-dt.de\/index.php\/ueber-uns\/","title":{"rendered":"\u00dcber uns"},"content":{"rendered":"<p><span style=\"font-family: 'arial black', sans-serif; font-size: 14pt;\">BW Software<\/span><br \/>\n<span style=\"font-family: 'arial black', sans-serif; font-size: 14pt;\">f\u00fcr den Mittelstand GmbH<\/span><\/p>\n<p><strong><em><span class=\"Stil27\" style=\"font-family: arial, helvetica, sans-serif; font-size: 12pt;\"><span class=\"Stil30\">&#8230; wir helfen Ihnen kompetent, innovativ, flexibel und aktuell weiter!<\/span><\/span><\/em><\/strong><\/p>\n<p><span class=\"Stil27\" style=\"font-family: arial, helvetica, sans-serif; font-size: 12pt;\">Die BW Software ist ein leistungsf\u00e4higer Partner f\u00fcr den Mittelstand. Die langj\u00e4hrige Erfahrung der Mitarbeiter sowie die ausgereiften Produkte und der Wille ihre Probleme zu l\u00f6sen, wird von den Kunden gesch\u00e4tzt.<\/span><\/p>\n<p>Wir betreuen Unternehmen aus den unterschiedlichsten Branchen, deren Strukturen aus 1-50 Arbeitspl\u00e4tze bestehen und \u00fcber das ganze Bundesgebit verteilt sind. F\u00fcr diese Kunden ergeben sich die unterschiedlichsten Situationen, die ihreseits spezielle Betreuungen erfordern.<\/p>\n<p><strong>Wir sind f\u00fcr Sie da, wenn:<br \/>\n<\/strong><span class=\"Stil27\" style=\"font-family: arial, helvetica, sans-serif; font-size: 12pt;\">&#8211; Sie eine komplette\u00a0<span class=\"Stil32\">Betreuung<\/span>\u00a0f\u00fcr Ihre IT ben\u00f6tigen<br \/>\n&#8211; Sie eine\u00a0<span class=\"Stil32\">Fernwartung<\/span>\u00a0ben\u00f6tigen<br \/>\n&#8211; Sie und Ihre Mitarbeiter\u00a0<span class=\"Stil32\">Schulungen<\/span>\u00a0ben\u00f6tigen<br \/>\n&#8211; wir Sie\u00a0<span class=\"Stil32\">Beratung<\/span>\u00a0k\u00f6nnen<br \/>\n&#8211; Sie\u00a0<span class=\"Stil32\">Individuall\u00f6sungen<\/span>\u00a0ben\u00f6tigen.<\/span><\/p>\n","protected":false},"excerpt":{"rendered":"<p>BW Software f\u00fcr den Mittelstand GmbH &#8230; wir helfen Ihnen kompetent, innovativ, flexibel und aktuell weiter! Die BW Software ist ein leistungsf\u00e4higer [&hellip;]<\/p>\n","protected":false},"author":3,"featured_media":0,"parent":0,"menu_order":0,"comment_status":"closed","ping_status":"closed","template":"","meta":{"_crdt_document":"","footnotes":""},"class_list":["post-89","page","type-page","status-publish","hentry"],"_links":{"self":[{"href":"https:\/\/www.bws-dt.de\/index.php\/wp-json\/wp\/v2\/pages\/89","targetHints":{"allow":["GET"]}}],"collection":[{"href":"https:\/\/www.bws-dt.de\/index.php\/wp-json\/wp\/v2\/pages"}],"about":[{"href":"https:\/\/www.bws-dt.de\/index.php\/wp-json\/wp\/v2\/types\/page"}],"author":[{"embeddable":true,"href":"https:\/\/www.bws-dt.de\/index.php\/wp-json\/wp\/v2\/users\/3"}],"replies":[{"embeddable":true,"href":"https:\/\/www.bws-dt.de\/index.php\/wp-json\/wp\/v2\/comments?post=89"}],"version-history":[{"count":5,"href":"https:\/\/www.bws-dt.de\/index.php\/wp-json\/wp\/v2\/pages\/89\/revisions"}],"predecessor-version":[{"id":261,"href":"https:\/\/www.bws-dt.de\/index.php\/wp-json\/wp\/v2\/pages\/89\/revisions\/261"}],"wp:attachment":[{"href":"https:\/\/www.bws-dt.de\/index.php\/wp-json\/wp\/v2\/media?parent=89"}],"curies":[{"name":"wp","href":"https:\/\/api.w.org\/{rel}","templated":true}]}}