{"id":398,"date":"2018-11-26T10:54:20","date_gmt":"2018-11-26T10:54:20","guid":{"rendered":"https:\/\/www.bws-dt.de\/index.php\/businessline-2\/"},"modified":"2025-01-12T09:44:25","modified_gmt":"2025-01-12T08:44:25","slug":"lohn","status":"publish","type":"page","link":"https:\/\/www.bws-dt.de\/index.php\/lohn\/","title":{"rendered":"Lohn- und Gehaltsabrechnungen"},"content":{"rendered":"<p><span style=\"font-size: 18pt;\"><em><span style=\"font-family: arial, helvetica, sans-serif;\"><strong>Service statt Software. <\/strong><\/span><\/em><\/span><\/p>\n<p><span style=\"font-family: arial, helvetica, sans-serif;\">Die Erstellung von Lohn-, Gehalts- und Bez\u00fcgeabrechnung f\u00fcr besch\u00e4ftigte Mitarbeiter*innen ist Pflichtbestandteil der Buchhaltung. Sie umfasst zahlreiche Schritte, die von diversen gesetzlichen Bestimmungen und Vorschriften begleitet werden.<\/span><\/p>\n<p><span style=\"font-family: arial, helvetica, sans-serif;\">Die Lohn-, Gehalts- und Bez\u00fcgeabrechnung steht immer in Zusammenhang mit einer komplexen Abwicklung, diverser rechtlichen Vorgaben. Diese Vorgaben ver\u00e4ndern sich st\u00e4ndig, was einen hohen zeitlichen Aufwand erzeugt.<\/span><\/p>\n<p><span style=\"font-family: arial, helvetica, sans-serif;\">Damit Sie sich auf Ihre wesentlichen Aufgaben konzentrieren k\u00f6nnen, bieten wir Ihnen die M\u00f6glichkeit, Ihnen diese T\u00e4tigkeit komplett abzunehmen.<\/span><span style=\"font-family: arial, helvetica, sans-serif;\">\u00a0 \u00a0<\/span><\/p>\n<p><span style=\"font-family: arial, helvetica, sans-serif;\">Da wir uns nicht an den Verrechnungssatz halten m\u00fcssen wie die Steuerberater, k\u00f6nnen wir Ihnen die Dienste deutlich g\u00fcnstiger anbieten. <\/span><\/p>\n<p><span style=\"font-family: arial, helvetica, sans-serif;\">Wenn wir Ihr Interesse geweckt haben, fordern Sie Ihr individuelles und unverbindliches Angebot an!<\/span><\/p>\n","protected":false},"excerpt":{"rendered":"<p>Service statt Software. Die Erstellung von Lohn-, Gehalts- und Bez\u00fcgeabrechnung f\u00fcr besch\u00e4ftigte Mitarbeiter*innen ist Pflichtbestandteil der Buchhaltung. Sie umfasst zahlreiche Schritte, die [&hellip;]<\/p>\n","protected":false},"author":2,"featured_media":0,"parent":0,"menu_order":0,"comment_status":"closed","ping_status":"closed","template":"","meta":{"_crdt_document":"","footnotes":""},"class_list":["post-398","page","type-page","status-publish","hentry"],"_links":{"self":[{"href":"https:\/\/www.bws-dt.de\/index.php\/wp-json\/wp\/v2\/pages\/398","targetHints":{"allow":["GET"]}}],"collection":[{"href":"https:\/\/www.bws-dt.de\/index.php\/wp-json\/wp\/v2\/pages"}],"about":[{"href":"https:\/\/www.bws-dt.de\/index.php\/wp-json\/wp\/v2\/types\/page"}],"author":[{"embeddable":true,"href":"https:\/\/www.bws-dt.de\/index.php\/wp-json\/wp\/v2\/users\/2"}],"replies":[{"embeddable":true,"href":"https:\/\/www.bws-dt.de\/index.php\/wp-json\/wp\/v2\/comments?post=398"}],"version-history":[{"count":4,"href":"https:\/\/www.bws-dt.de\/index.php\/wp-json\/wp\/v2\/pages\/398\/revisions"}],"predecessor-version":[{"id":546,"href":"https:\/\/www.bws-dt.de\/index.php\/wp-json\/wp\/v2\/pages\/398\/revisions\/546"}],"wp:attachment":[{"href":"https:\/\/www.bws-dt.de\/index.php\/wp-json\/wp\/v2\/media?parent=398"}],"curies":[{"name":"wp","href":"https:\/\/api.w.org\/{rel}","templated":true}]}}