{"id":349,"date":"2018-11-26T10:54:20","date_gmt":"2018-11-26T10:54:20","guid":{"rendered":"https:\/\/www.bws-dt.de\/index.php\/businessline-2\/"},"modified":"2025-01-11T20:00:11","modified_gmt":"2025-01-11T19:00:11","slug":"module","status":"publish","type":"page","link":"https:\/\/www.bws-dt.de\/index.php\/module\/","title":{"rendered":"Module"},"content":{"rendered":"<p>&nbsp;<\/p>\n<p><span style=\"font-weight: 400; font-family: arial, helvetica, sans-serif;\"><strong>Auftragsbearbeitung<\/strong><\/span><\/p>\n<p style=\"font-weight: 400;\"><span style=\"font-family: arial, helvetica, sans-serif;\">Zur Unterst\u00fctzung der Unternehmensbereiche, die mit der Beschaffung, Lagerung, Bearbeitung und dem Verkauf von Waren oder Leistungen befasst sind.<\/span><br \/>\n<span style=\"font-family: arial, helvetica, sans-serif;\">Vom Wareneingang bis zur Rechnungserstellung mit allen Merkmalen moderner und kostenbewusster Betriebswirtschaft.<\/span><\/p>\n<p>&nbsp;<\/p>\n<p style=\"font-weight: 400;\"><span style=\"font-family: arial, helvetica, sans-serif;\"><strong>Einkauf \/ Bestellwesen<\/strong><\/span><\/p>\n<p><span style=\"font-family: arial, helvetica, sans-serif;\">Dieses Modul unterst\u00fctzt die speziellen und innerbetrieblichen Anforderungen und Aufgaben. Es ist optional erh\u00e4ltlich und integriert sich nahtlos in die Basisversion.<\/span><\/p>\n<p>&nbsp;<\/p>\n<p><span style=\"font-family: arial, helvetica, sans-serif;\"><strong>Kasse \/ POS<\/strong><\/span><\/p>\n<p><span style=\"font-family: arial, helvetica, sans-serif;\">Die Kasse ist ein Programmpaket zur Abwicklung der Warenwirtschaft im Einzelhandel &#8211; branchenneutral &#8211; mit dem Kassenterminal als Mittelpunkt.\u00a0Das Programm kann alleine oder in direkter Verbindung mit der Auftragsbearbeitung betrieben werden.<\/span><\/p>\n<p>&nbsp;<\/p>\n<p><span style=\"font-weight: 400; font-family: arial, helvetica, sans-serif;\"><strong>Finanzbuchhaltung<\/strong><\/span><\/p>\n<p style=\"font-weight: 400;\"><span style=\"font-family: arial, helvetica, sans-serif;\">Alle Gesch\u00e4ftsvorf\u00e4lle des Zahlungs- und Warenverkehrs werden durch Buchungen auf Kunden-, Lieferanten- und Sachkonten erfasst und nach den bundesdeutschen\u00a0handels- und steuerrechtlichen Vorschriften verarbeitet.<br \/>\n<\/span><br \/>\n<span style=\"font-family: arial, helvetica, sans-serif;\">Gr\u00f6\u00dfter Wert wurde auf Sicherheit und Benutzerfreundlichkeit angelegt.\u00a0<\/span><br \/>\n<span style=\"font-family: arial, helvetica, sans-serif;\">Das Programm ist gleicherma\u00dfen f\u00fcr &#8222;Anf\u00e4nger&#8220; als auch f\u00fcr gestandene Profis geeignet.<\/span><\/p>\n<p>&nbsp;<\/p>\n<p style=\"font-weight: 400;\"><span style=\"font-family: arial, helvetica, sans-serif;\"><strong>Anlagenbuchhaltung<\/strong><\/span><\/p>\n<p><span style=\"font-family: arial, helvetica, sans-serif;\">Die Anlagenbuchhaltung arbeitet nach dem Bilanzrichtliniengesetz und den bundesdeutschen Steuervorschriften. Zus\u00e4tzlich sind Funktionen zu betriebswirtschaftlichen Erfordernissen und zur technischen Verwaltung von Anlageg\u00fctern enthalten.<\/span><\/p>\n<p>&nbsp;<\/p>\n<p><span style=\"font-weight: 400; font-family: arial, helvetica, sans-serif;\"><strong>zus\u00e4tzliche Module<\/strong><\/span><\/p>\n<p><span style=\"font-family: arial, helvetica, sans-serif;\"><b>Wiedervorlage<br \/>\n<\/b>Wird bei jedem Programmaufruf angezeigt. kann auch anderen Benutzern zugeordnet werden.<b><br \/>\n<\/b><\/span><\/p>\n<p><span style=\"font-family: arial, helvetica, sans-serif;\"><strong>Programmaufrufe<br \/>\n<\/strong>In der <strong><span class=\"Stil38\" style=\"font-family: 'times new roman', times, serif;\"><span style=\"color: #ff0000;\">BUSINESS<span style=\"font-size: 14pt; color: #000000;\"><em><span class=\"Stil37\">LINE<\/span><\/em><\/span><\/span><\/span><\/strong><span style=\"font-family: 'times new roman', times, serif;\">\u00a0<\/span>k\u00f6nnen 3 externe Programme eingebunden werden. Diese k\u00f6nnen dann direkt aus der eigenen Men\u00fcstruktur heraus gestartet werden.<\/span><\/p>\n<p><span style=\"font-family: arial, helvetica, sans-serif;\"><strong>W\u00e4hlverzeichnis<br \/>\n<\/strong>Telefonverzeichnis mit automatischem Eintrag aller Adressen aus den jeweiligen Modulen und mit W\u00e4hlfunktion.<\/span><\/p>\n","protected":false},"excerpt":{"rendered":"<p>&nbsp; Auftragsbearbeitung Zur Unterst\u00fctzung der Unternehmensbereiche, die mit der Beschaffung, Lagerung, Bearbeitung und dem Verkauf von Waren oder Leistungen befasst sind. Vom [&hellip;]<\/p>\n","protected":false},"author":2,"featured_media":0,"parent":0,"menu_order":0,"comment_status":"closed","ping_status":"closed","template":"","meta":{"_crdt_document":"","footnotes":""},"class_list":["post-349","page","type-page","status-publish","hentry"],"_links":{"self":[{"href":"https:\/\/www.bws-dt.de\/index.php\/wp-json\/wp\/v2\/pages\/349","targetHints":{"allow":["GET"]}}],"collection":[{"href":"https:\/\/www.bws-dt.de\/index.php\/wp-json\/wp\/v2\/pages"}],"about":[{"href":"https:\/\/www.bws-dt.de\/index.php\/wp-json\/wp\/v2\/types\/page"}],"author":[{"embeddable":true,"href":"https:\/\/www.bws-dt.de\/index.php\/wp-json\/wp\/v2\/users\/2"}],"replies":[{"embeddable":true,"href":"https:\/\/www.bws-dt.de\/index.php\/wp-json\/wp\/v2\/comments?post=349"}],"version-history":[{"count":2,"href":"https:\/\/www.bws-dt.de\/index.php\/wp-json\/wp\/v2\/pages\/349\/revisions"}],"predecessor-version":[{"id":356,"href":"https:\/\/www.bws-dt.de\/index.php\/wp-json\/wp\/v2\/pages\/349\/revisions\/356"}],"wp:attachment":[{"href":"https:\/\/www.bws-dt.de\/index.php\/wp-json\/wp\/v2\/media?parent=349"}],"curies":[{"name":"wp","href":"https:\/\/api.w.org\/{rel}","templated":true}]}}