{"id":191,"date":"2018-11-27T21:38:58","date_gmt":"2018-11-27T21:38:58","guid":{"rendered":"https:\/\/www.bws-dt.de\/?page_id=191"},"modified":"2025-01-11T20:01:52","modified_gmt":"2025-01-11T19:01:52","slug":"handwerk","status":"publish","type":"page","link":"https:\/\/www.bws-dt.de\/index.php\/handwerk\/","title":{"rendered":"Handwerk"},"content":{"rendered":"<table style=\"width: 100%; border-collapse: collapse; background-color: #292323;\">\n<tbody>\n<tr>\n<td style=\"width: 6.30784%;\"><\/td>\n<td style=\"width: 48.5175%;\"><\/td>\n<td style=\"width: 5.17469%;\"><\/td>\n<td style=\"width: 37.5637%;\"><\/td>\n<td style=\"width: 2.43626%;\"><\/td>\n<\/tr>\n<tr>\n<td style=\"width: 6.30784%;\"><\/td>\n<td style=\"width: 48.5175%;\"><span style=\"color: #ffffff;\"><em><span style=\"font-size: 18pt;\"><strong><span style=\"font-family: arial, helvetica, sans-serif;\"><span style=\"font-size: 24pt;\">Top<span style=\"font-family: 'arial black', sans-serif;\">Kontor<\/span> Handwerk<\/span><br \/>\n<\/span><\/strong><\/span><\/em><span style=\"font-family: arial, helvetica, sans-serif;\">Die Handwerkersoftware f\u00fcr Ihre t\u00e4gliche B\u00fcroarbeit<\/span><\/span><img loading=\"lazy\" decoding=\"async\" class=\"\" src=\"https:\/\/www.topkontorhandwerk.de\/wp-content\/uploads\/2018\/05\/ecoDMS-Desktop-Logo-2.png\" alt=\"ecoDMS Logo\" width=\"138\" height=\"71\" \/><span style=\"font-family: arial, helvetica, sans-serif; color: #ffffff;\">++ jetzt neu ++<\/span><span style=\"font-family: arial, helvetica, sans-serif; color: #ffffff;\">Dokumente einfach, schnell und revisionssicher \/GoBD-konform) archivieren.<\/span><\/td>\n<td style=\"width: 5.17469%;\"><\/td>\n<td style=\"width: 37.5637%;\"><img decoding=\"async\" src=\"https:\/\/www.topkontorhandwerk.de\/wp-content\/uploads\/revslider\/topkontor\/tkhw_normal_rechts.png\" alt=\"Testen Sie die neue Handwerkersoftware TopKontor 6\" \/><\/td>\n<td style=\"width: 2.43626%;\"><\/td>\n<\/tr>\n<tr>\n<td style=\"width: 6.30784%;\"><\/td>\n<td style=\"width: 48.5175%;\"><\/td>\n<td style=\"width: 5.17469%;\"><\/td>\n<td style=\"width: 37.5637%;\"><img loading=\"lazy\" decoding=\"async\" class=\"aligncenter\" src=\"https:\/\/www.topkontorhandwerk.de\/wp-content\/uploads\/2018\/04\/Siegel_ERP-Zertifikat_blue-topkontor.jpg\" width=\"145\" height=\"82\" \/><\/td>\n<td style=\"width: 2.43626%;\"><\/td>\n<\/tr>\n<tr>\n<td style=\"width: 6.30784%;\"><\/td>\n<td style=\"width: 48.5175%;\"><\/td>\n<td style=\"width: 5.17469%;\"><\/td>\n<td style=\"width: 37.5637%;\"><\/td>\n<td style=\"width: 2.43626%;\"><\/td>\n<\/tr>\n<\/tbody>\n<\/table>\n<p style=\"text-align: right;\"><span style=\"font-family: arial, helvetica, sans-serif; font-size: 12pt;\"><span style=\"font-size: 8pt;\">Quelle: blue:solution<\/span><\/span><\/p>\n","protected":false},"excerpt":{"rendered":"<p>TopKontor Handwerk Die Handwerkersoftware f\u00fcr Ihre t\u00e4gliche B\u00fcroarbeit++ jetzt neu ++Dokumente einfach, schnell und revisionssicher \/GoBD-konform) archivieren. Quelle: blue:solution<\/p>\n","protected":false},"author":2,"featured_media":0,"parent":0,"menu_order":0,"comment_status":"closed","ping_status":"closed","template":"","meta":{"_crdt_document":"","footnotes":""},"class_list":["post-191","page","type-page","status-publish","hentry"],"_links":{"self":[{"href":"https:\/\/www.bws-dt.de\/index.php\/wp-json\/wp\/v2\/pages\/191","targetHints":{"allow":["GET"]}}],"collection":[{"href":"https:\/\/www.bws-dt.de\/index.php\/wp-json\/wp\/v2\/pages"}],"about":[{"href":"https:\/\/www.bws-dt.de\/index.php\/wp-json\/wp\/v2\/types\/page"}],"author":[{"embeddable":true,"href":"https:\/\/www.bws-dt.de\/index.php\/wp-json\/wp\/v2\/users\/2"}],"replies":[{"embeddable":true,"href":"https:\/\/www.bws-dt.de\/index.php\/wp-json\/wp\/v2\/comments?post=191"}],"version-history":[{"count":5,"href":"https:\/\/www.bws-dt.de\/index.php\/wp-json\/wp\/v2\/pages\/191\/revisions"}],"predecessor-version":[{"id":321,"href":"https:\/\/www.bws-dt.de\/index.php\/wp-json\/wp\/v2\/pages\/191\/revisions\/321"}],"wp:attachment":[{"href":"https:\/\/www.bws-dt.de\/index.php\/wp-json\/wp\/v2\/media?parent=191"}],"curies":[{"name":"wp","href":"https:\/\/api.w.org\/{rel}","templated":true}]}}