{"id":132,"date":"2018-11-26T12:38:07","date_gmt":"2018-11-26T12:38:07","guid":{"rendered":"https:\/\/www.bws-dt.de\/?page_id=132"},"modified":"2025-01-11T19:57:51","modified_gmt":"2025-01-11T18:57:51","slug":"datenschutzbeauftragter","status":"publish","type":"page","link":"https:\/\/www.bws-dt.de\/index.php\/datenschutzbeauftragter\/","title":{"rendered":"Datenschutzbeauftragter"},"content":{"rendered":"<p style=\"text-align: center;\"><em><strong><span style=\"font-family: 'times new roman', times, serif; font-size: 18pt;\">Gern \u00fcbernehmen wir als Dienstleister f\u00fcr Ihr Unternehmen<br \/>\nalle Aufgaben des betrieblichen Datenschutzbeauftragten.<\/span><\/strong><\/em><\/p>\n<p>&nbsp;<\/p>\n<p><span style=\"font-family: arial, helvetica, sans-serif;\"><strong>Wir bieten einen belastbaren\u00a0Datenschutz f\u00fcr Ihre Unternehmensgr\u00f6\u00dfen<\/strong><\/span><\/p>\n<p><span style=\"font-family: arial, helvetica, sans-serif;\">Sie sind ein KMU Unternehmen mit 10 bis 250 Mitarbeitern.<\/span><\/p>\n<p><span style=\"font-family: arial, helvetica, sans-serif;\">\u00a0<\/span><\/p>\n<p><span style=\"font-family: arial, helvetica, sans-serif;\"><strong>Unsere Leistungen setzen sich aus den folgenden Komponenten zusammen:<\/strong><\/span><\/p>\n<ul>\n<li><span style=\"font-family: arial, helvetica, sans-serif;\">Bereitstellung des Datenschutzbeauftragten (Art 37 DSGVO)<\/span><\/li>\n<li><span style=\"font-family: arial, helvetica, sans-serif;\">\u00dcbernahme der Pflichten des Datenschutzbeauftragten (Art 39 DSGVO)<\/span><\/li>\n<li><span style=\"font-family: arial, helvetica, sans-serif;\">Beratung, Unterrichtung und \u00dcberwachung zum Datenschutz nach DSGVO<\/span><\/li>\n<\/ul>\n<p>&nbsp;<\/p>\n","protected":false},"excerpt":{"rendered":"<p>Gern \u00fcbernehmen wir als Dienstleister f\u00fcr Ihr Unternehmen alle Aufgaben des betrieblichen Datenschutzbeauftragten. &nbsp; Wir bieten einen belastbaren\u00a0Datenschutz f\u00fcr Ihre Unternehmensgr\u00f6\u00dfen Sie [&hellip;]<\/p>\n","protected":false},"author":3,"featured_media":0,"parent":0,"menu_order":0,"comment_status":"closed","ping_status":"closed","template":"","meta":{"_crdt_document":"","footnotes":""},"class_list":["post-132","page","type-page","status-publish","hentry"],"_links":{"self":[{"href":"https:\/\/www.bws-dt.de\/index.php\/wp-json\/wp\/v2\/pages\/132","targetHints":{"allow":["GET"]}}],"collection":[{"href":"https:\/\/www.bws-dt.de\/index.php\/wp-json\/wp\/v2\/pages"}],"about":[{"href":"https:\/\/www.bws-dt.de\/index.php\/wp-json\/wp\/v2\/types\/page"}],"author":[{"embeddable":true,"href":"https:\/\/www.bws-dt.de\/index.php\/wp-json\/wp\/v2\/users\/3"}],"replies":[{"embeddable":true,"href":"https:\/\/www.bws-dt.de\/index.php\/wp-json\/wp\/v2\/comments?post=132"}],"version-history":[{"count":4,"href":"https:\/\/www.bws-dt.de\/index.php\/wp-json\/wp\/v2\/pages\/132\/revisions"}],"predecessor-version":[{"id":285,"href":"https:\/\/www.bws-dt.de\/index.php\/wp-json\/wp\/v2\/pages\/132\/revisions\/285"}],"wp:attachment":[{"href":"https:\/\/www.bws-dt.de\/index.php\/wp-json\/wp\/v2\/media?parent=132"}],"curies":[{"name":"wp","href":"https:\/\/api.w.org\/{rel}","templated":true}]}}