{"id":108,"date":"2018-11-26T11:23:22","date_gmt":"2018-11-26T11:23:22","guid":{"rendered":"https:\/\/www.bws-dt.de\/?page_id=108"},"modified":"2025-01-11T20:03:51","modified_gmt":"2025-01-11T19:03:51","slug":"topkontor","status":"publish","type":"page","link":"https:\/\/www.bws-dt.de\/index.php\/topkontor\/","title":{"rendered":"TopKontor"},"content":{"rendered":"<div class=\"fusion-text\">\n<h2 data-inline-fontsize=\"true\" data-inline-lineheight=\"true\" data-fontsize=\"30\" data-lineheight=\"40\"><span style=\"font-family: arial, helvetica, sans-serif;\"><strong>\u00dcber\u00a018.000 Betriebe vertrauen uns!<\/strong><\/span><\/h2>\n<\/div>\n<div class=\"fusion-text\" style=\"text-align: right;\">\n<p><span style=\"font-family: arial, helvetica, sans-serif;\">Einfach und intuitiv bedienbar, so muss eine Software sein, wenn sie Zeitersparnis f\u00fcr Unternehmen bringen soll. Eine Pr\u00e4misse, die die blue:solution software GmbH in jedem ihrer Softwareprogramme verfolgt. Wir sind\u00a0spezialisiert auf die Entwicklung kaufm\u00e4nnischer Software f\u00fcr Handwerk, Handel und Dienstleister. TopKontor Handwerk, TopKontor Zeiterfassung, smarthandwerk und die TopApps decken die Bed\u00fcrfnisse an ein B\u00fcro in einem Klein- bis mittelst\u00e4ndischen Unternehmen ab.<\/span><\/p>\n<table style=\"width: 100%; border-collapse: collapse;\">\n<tbody>\n<tr>\n<td style=\"width: 50%;\"><img decoding=\"async\" class=\"aligncenter\" src=\"https:\/\/bluesolution.de\/wp-content\/uploads\/2015\/04\/TKHW.jpg\" alt=\"TopKontor Handwerk\" \/><\/td>\n<td style=\"width: 50%;\"><img decoding=\"async\" class=\"aligncenter\" src=\"https:\/\/bluesolution.de\/wp-content\/uploads\/2015\/04\/ZEF.jpg\" alt=\"TopKontor Zeiterfassung\" \/><\/td>\n<\/tr>\n<tr>\n<td style=\"width: 50%;\">\n<div class=\"fusion-text\">\n<h2 style=\"text-align: center;\" data-fontsize=\"25\" data-lineheight=\"32\"><span style=\"font-family: arial, helvetica, sans-serif;\">TopKontor Handwerk<\/span><\/h2>\n<\/div>\n<div class=\"fusion-separator fusion-full-width-sep sep-none\" style=\"text-align: center;\"><span style=\"font-family: arial, helvetica, sans-serif; font-size: inherit;\">Einfach und intuitiv bedienbar \u2013 die Handwerkersoftware, die den\u00a0B\u00fcroalltag zum Erlebnis macht! Zuverl\u00e4ssig und leistungsf\u00e4hig ist\u00a0TopKontor Handwerk die perfekte L\u00f6sung \u2013 ohne kaufm\u00e4nnisches\u00a0Expertenwissen. Von Handwerkern f\u00fcr Handwerker.<\/span><\/div>\n<\/td>\n<td style=\"width: 50%;\">\n<div class=\"fusion-text\">\n<h2 style=\"text-align: center;\" data-fontsize=\"25\" data-lineheight=\"32\"><span style=\"font-family: arial, helvetica, sans-serif;\">TopKontor Zeiterfassung<\/span><\/h2>\n<\/div>\n<div class=\"fusion-separator fusion-full-width-sep sep-none\" style=\"text-align: center;\"><span style=\"font-family: arial, helvetica, sans-serif; font-size: inherit;\">Zeiterfassung, die Spa\u00df macht! Projektzeiten im Blick, Arbeitszeiten\u00a0ganz einfach erfasst und Zutritte kontrolliert \u2013 sekundengenau und\u00a0vollautomatisch. Sicher und schnell \u2013 TopKontor Zeiterfassung hat\u00a0die Zeiten im Griff und macht Zeiterfassung zum Kinderspiel.<\/span><\/div>\n<\/td>\n<\/tr>\n<\/tbody>\n<\/table>\n<p><span style=\"font-family: arial, helvetica, sans-serif; font-size: 12pt;\"><span style=\"font-size: 8pt;\">Bilder: Quelle: blue:solution<\/span><\/span><br \/>\n&nbsp;<\/p>\n<\/div>\n","protected":false},"excerpt":{"rendered":"<p>\u00dcber\u00a018.000 Betriebe vertrauen uns! Einfach und intuitiv bedienbar, so muss eine Software sein, wenn sie Zeitersparnis f\u00fcr Unternehmen bringen soll. Eine Pr\u00e4misse, [&hellip;]<\/p>\n","protected":false},"author":3,"featured_media":0,"parent":0,"menu_order":0,"comment_status":"closed","ping_status":"closed","template":"","meta":{"_crdt_document":"","footnotes":""},"class_list":["post-108","page","type-page","status-publish","hentry"],"_links":{"self":[{"href":"https:\/\/www.bws-dt.de\/index.php\/wp-json\/wp\/v2\/pages\/108","targetHints":{"allow":["GET"]}}],"collection":[{"href":"https:\/\/www.bws-dt.de\/index.php\/wp-json\/wp\/v2\/pages"}],"about":[{"href":"https:\/\/www.bws-dt.de\/index.php\/wp-json\/wp\/v2\/types\/page"}],"author":[{"embeddable":true,"href":"https:\/\/www.bws-dt.de\/index.php\/wp-json\/wp\/v2\/users\/3"}],"replies":[{"embeddable":true,"href":"https:\/\/www.bws-dt.de\/index.php\/wp-json\/wp\/v2\/comments?post=108"}],"version-history":[{"count":3,"href":"https:\/\/www.bws-dt.de\/index.php\/wp-json\/wp\/v2\/pages\/108\/revisions"}],"predecessor-version":[{"id":325,"href":"https:\/\/www.bws-dt.de\/index.php\/wp-json\/wp\/v2\/pages\/108\/revisions\/325"}],"wp:attachment":[{"href":"https:\/\/www.bws-dt.de\/index.php\/wp-json\/wp\/v2\/media?parent=108"}],"curies":[{"name":"wp","href":"https:\/\/api.w.org\/{rel}","templated":true}]}}