{"id":104,"date":"2018-11-26T10:54:20","date_gmt":"2018-11-26T10:54:20","guid":{"rendered":"https:\/\/www.bws-dt.de\/?page_id=104"},"modified":"2025-01-12T09:41:32","modified_gmt":"2025-01-12T08:41:32","slug":"businessline","status":"publish","type":"page","link":"https:\/\/www.bws-dt.de\/index.php\/businessline\/","title":{"rendered":"BUSINESSLINE"},"content":{"rendered":"<p class=\"Stil24\"><span style=\"font-family: arial, helvetica, sans-serif;\">Die Warenwirtschaft, schnell und zuverl\u00e4ssig bei der Abbildung der t\u00e4glichen anfallenden Gesch\u00e4ftsvorf\u00e4llen.<\/span><\/p>\n<p><span style=\"font-family: arial, helvetica, sans-serif;\">Die Flexibilit\u00e4t der\u00a0<strong><span class=\"Stil38\" style=\"font-family: 'times new roman', times, serif;\"><span style=\"color: #ff0000;\">BUSINESS<span style=\"font-size: 14pt; color: #000000;\"><em><span class=\"Stil37\">LINE<\/span><\/em><\/span><\/span><\/span><\/strong>\u00a0wird durch eine Vielzahl von Parameter zur individuellen Konfiguration sichergestellt.<\/span><\/p>\n<p><span style=\"font-family: arial, helvetica, sans-serif;\">Die Warenwirtschaft die mit Ihrem Unternehmen mitw\u00e4chst.<\/span><\/p>\n<p><span style=\"font-family: arial, helvetica, sans-serif;\">Sie ist sowohl f\u00fcr kleine mittelst\u00e4ndige Unternehmen als auch f\u00fcr Unternehmen mit bis 200 Bildschirmarbeitspl\u00e4tzen geeignet.<\/span><\/p>\n<p><span style=\"font-family: arial, helvetica, sans-serif;\">Das ab 2025 ben\u00f6tigte E-Rechnungsverfahren ist selbstverst\u00e4ndlich auch Bestandteil dieser Software.<\/span><\/p>\n<p style=\"text-align: center;\"><span style=\"font-family: arial, helvetica, sans-serif;\"><strong><span class=\"Stil38\" style=\"font-family: 'times new roman', times, serif;\"><span style=\"color: #ff0000;\">BUSINESS<span style=\"font-size: 14pt; color: #000000;\"><em><span class=\"Stil37\">LINE<\/span><\/em><\/span><\/span><\/span><\/strong><span class=\"Stil38\" style=\"font-family: 'times new roman', times, serif;\"><span style=\"color: #ff0000;\"><span style=\"font-size: 14pt; color: #000000;\"><span class=\"Stil37\"><span style=\"font-size: 10pt; font-family: arial, helvetica, sans-serif;\"> Preisliste<\/span><\/span><\/span><\/span><\/span><\/span>\u00a0<a href=\"https:\/\/www.bws-dt.de\/wp-content\/uploads\/2025\/01\/BusinessLine_2025.pdf\"><img loading=\"lazy\" decoding=\"async\" class=\"alignnone wp-image-280 size-full\" src=\"https:\/\/www.bws-dt.de\/wp-content\/uploads\/2018\/12\/pdf.gif\" alt=\"\" width=\"18\" height=\"16\" \/><\/a><\/p>\n","protected":false},"excerpt":{"rendered":"<p>Die Warenwirtschaft, schnell und zuverl\u00e4ssig bei der Abbildung der t\u00e4glichen anfallenden Gesch\u00e4ftsvorf\u00e4llen. Die Flexibilit\u00e4t der\u00a0BUSINESSLINE\u00a0wird durch eine Vielzahl von Parameter zur individuellen [&hellip;]<\/p>\n","protected":false},"author":3,"featured_media":0,"parent":0,"menu_order":0,"comment_status":"closed","ping_status":"closed","template":"","meta":{"_crdt_document":"","footnotes":""},"class_list":["post-104","page","type-page","status-publish","hentry"],"_links":{"self":[{"href":"https:\/\/www.bws-dt.de\/index.php\/wp-json\/wp\/v2\/pages\/104","targetHints":{"allow":["GET"]}}],"collection":[{"href":"https:\/\/www.bws-dt.de\/index.php\/wp-json\/wp\/v2\/pages"}],"about":[{"href":"https:\/\/www.bws-dt.de\/index.php\/wp-json\/wp\/v2\/types\/page"}],"author":[{"embeddable":true,"href":"https:\/\/www.bws-dt.de\/index.php\/wp-json\/wp\/v2\/users\/3"}],"replies":[{"embeddable":true,"href":"https:\/\/www.bws-dt.de\/index.php\/wp-json\/wp\/v2\/comments?post=104"}],"version-history":[{"count":7,"href":"https:\/\/www.bws-dt.de\/index.php\/wp-json\/wp\/v2\/pages\/104\/revisions"}],"predecessor-version":[{"id":545,"href":"https:\/\/www.bws-dt.de\/index.php\/wp-json\/wp\/v2\/pages\/104\/revisions\/545"}],"wp:attachment":[{"href":"https:\/\/www.bws-dt.de\/index.php\/wp-json\/wp\/v2\/media?parent=104"}],"curies":[{"name":"wp","href":"https:\/\/api.w.org\/{rel}","templated":true}]}}